{"id":28,"date":"2019-12-10T15:47:05","date_gmt":"2019-12-10T15:47:05","guid":{"rendered":"https:\/\/www.horsedesign.nl\/hanzonhorses\/?page_id=28"},"modified":"2020-07-27T16:29:05","modified_gmt":"2020-07-27T16:29:05","slug":"contact","status":"publish","type":"page","link":"https:\/\/www.hanzonhorses.nl\/fr\/contact\/","title":{"rendered":"Contact"},"content":{"rendered":"<div  class='av_gmaps_sc_main_wrap av_gmaps_main_wrap'><div id='av_gmap_0' class='avia-google-map-container avia-google-map-sc av_gmaps_show_unconditionally av-no-fallback-img' data-mapid='av_gmap_0'  style='height: 400px;'><a class=\"av_gmaps_browser_disabled av_text_confirm_link av_text_confirm_link_visible\" href=\"https:\/\/www.google.com\/maps\/search\/?api=1&#038;query=Heesakker%205a%205076PR%20Haaren%20%20Nederland\" target=\"_blank\">Les cartes ont \u00e9t\u00e9 d\u00e9sactiv\u00e9es par le visiteur sur ce site. Cliquer pour ouvrir la carte dans une nouvelle fen\u00eatre.<\/a><\/div><\/div>\n\n<style type=\"text\/css\" data-created_by=\"avia_inline_auto\" id=\"style-css-av-4wfhk-c44f557d96da5e657d90a5478ea5828e\">\n.flex_column.av-4wfhk-c44f557d96da5e657d90a5478ea5828e{\nborder-radius:0px 0px 0px 0px;\npadding:0px 0px 0px 0px;\n}\n<\/style>\n<div  class='flex_column av-4wfhk-c44f557d96da5e657d90a5478ea5828e av_one_half  avia-builder-el-1  el_after_av_google_map  el_before_av_one_half  avia-builder-el-first  first flex_column_div av-zero-column-padding'     ><article  class='iconbox iconbox_top av-4dqkk-a008db96d1b8e78cdd8492cf54315ef0  avia-builder-el-2  avia-builder-el-no-sibling  main_color'  itemscope=\"itemscope\" itemtype=\"https:\/\/schema.org\/CreativeWork\" ><div class=\"iconbox_content\"><header class=\"entry-content-header\" aria-label=\"Ic\u00f4ne : Coordonn\u00e9es\"><div class='iconbox_icon heading-color avia-iconfont avia-font-entypo-fontello' data-av_icon='\ue81e' data-av_iconfont='entypo-fontello'  ><\/div><h3 class='iconbox_content_title'  itemprop=\"headline\" >D\u00e9tails du contact<\/h3><\/header><div class='iconbox_content_container'  itemprop=\"text\" ><p><strong>Chevaux Hanzon<\/strong><\/p>\n<p>Th\u00e9o Hanzon<\/p>\n<p>Heesakker 5a<br \/>5076 PR Haaren<\/p>\n<p><a href=\"mailto:info@hanzonhorses.nl\">info@hanzonhorses.nl<\/a><\/p>\n<p><a href=\"https:\/\/www.horsedesign.nl\" target=\"_blank\" rel=\"noopener noreferrer\">R\u00e9alisation : Horsedesign.nl<\/a><\/p>\n<\/div><\/div><footer class=\"entry-footer\"><\/footer><\/article><\/div>\n\n<style type=\"text\/css\" data-created_by=\"avia_inline_auto\" id=\"style-css-av-3nllk-f933a07b3dbe55af09990c74f887a96a\">\n.flex_column.av-3nllk-f933a07b3dbe55af09990c74f887a96a{\nborder-radius:0px 0px 0px 0px;\npadding:0px 0px 0px 0px;\n}\n<\/style>\n<div  class='flex_column av-3nllk-f933a07b3dbe55af09990c74f887a96a av_one_half  avia-builder-el-3  el_after_av_one_half  avia-builder-el-last  flex_column_div av-zero-column-padding'     ><form action=\"https:\/\/www.hanzonhorses.nl\/fr\/contact\/\" method=\"post\" data-fields-with-error=\"Erreurs trouv\u00e9es dans les champs suivants :\" class=\"avia_ajax_form av-form-labels-visible   avia-builder-el-4  avia-builder-el-no-sibling\" data-avia-form-id=\"1\" data-avia-redirect='' data-trp-original-action=\"https:\/\/www.hanzonhorses.nl\/fr\/contact\/\" ><h3 class=''>\u00c9crivez-nous<\/h3><fieldset><p class='first_form  form_element form_fullwidth' id='element_avia_1_1'><label for=\"avia_1_1\">Nom <abbr class=\"required\" title=\"exigence\">*<\/abbr><\/label> <input name=\"avia_1_1\" class=\"text_input is_empty\" type=\"text\" id=\"avia_1_1\" value=\"\" \/><\/p><p class='first_form  form_element form_fullwidth' id='element_avia_2_1'><label for=\"avia_2_1\">E-mail <abbr class=\"required\" title=\"exigence\">*<\/abbr><\/label> <input name=\"avia_2_1\" class=\"text_input is_email\" type=\"text\" id=\"avia_2_1\" value=\"\" \/><\/p><p class='first_form  form_element form_fullwidth' id='element_avia_3_1'><label for=\"avia_3_1\">Sujet <abbr class=\"required\" title=\"exigence\">*<\/abbr><\/label> <input name=\"avia_3_1\" class=\"text_input is_empty\" type=\"text\" id=\"avia_3_1\" value=\"\" \/><\/p><p class='first_form  form_element form_fullwidth av-last-visible-form-element' id='element_avia_4_1'><label for=\"avia_4_1\" class=\"textare_label hidden textare_label_avia_4_1\">Un message <abbr class=\"required\" title=\"exigence\">*<\/abbr><\/label><textarea  name=\"avia_4_1\" class=\"text_area is_empty\" cols=\"40\" rows=\"7\" id=\"avia_4_1\" ><\/textarea><\/p><p class=\"hidden\"><input type=\"text\" name=\"avia_5_1\" class=\"hidden\" id=\"avia_5_1\" value=\"\" \/><\/p><p class=\"form_element\"><input type=\"hidden\" value=\"1\" name=\"avia_generated_form1\" \/><input type=\"submit\" value=\"exp\u00e9dier\" class=\"button\"  data-sending-label=\"Envoi\"\/><\/p><\/fieldset><input type=\"hidden\" name=\"trp-form-language\" value=\"fr\"\/><\/form><div id=\"ajaxresponse_1\" class=\"ajaxresponse ajaxresponse_1 hidden\"><\/div><\/div>","protected":false},"excerpt":{"rendered":"","protected":false},"author":1,"featured_media":0,"parent":0,"menu_order":0,"comment_status":"closed","ping_status":"closed","template":"","meta":{"_acf_changed":false,"footnotes":""},"class_list":["post-28","page","type-page","status-publish","hentry"],"acf":[],"yoast_head":"<!-- This site is optimized with the Yoast SEO plugin v27.4 - https:\/\/yoast.com\/product\/yoast-seo-wordpress\/ -->\n<title>Contact - Hanzon Horses<\/title>\n<meta name=\"robots\" content=\"index, follow, max-snippet:-1, max-image-preview:large, max-video-preview:-1\" \/>\n<link rel=\"canonical\" href=\"https:\/\/www.hanzonhorses.nl\/fr\/contact\/\" \/>\n<meta property=\"og:locale\" content=\"fr_FR\" \/>\n<meta property=\"og:type\" content=\"article\" \/>\n<meta property=\"og:title\" content=\"Contact - Hanzon Horses\" \/>\n<meta property=\"og:url\" content=\"https:\/\/www.hanzonhorses.nl\/fr\/contact\/\" \/>\n<meta property=\"og:site_name\" content=\"Hanzon Horses\" \/>\n<meta property=\"article:modified_time\" content=\"2020-07-27T16:29:05+00:00\" \/>\n<meta name=\"twitter:card\" content=\"summary_large_image\" \/>\n<meta name=\"twitter:label1\" content=\"Dur\u00e9e de lecture estim\u00e9e\" \/>\n\t<meta name=\"twitter:data1\" content=\"3 minutes\" \/>\n<script type=\"application\/ld+json\" class=\"yoast-schema-graph\">{\"@context\":\"https:\\\/\\\/schema.org\",\"@graph\":[{\"@type\":\"WebPage\",\"@id\":\"https:\\\/\\\/www.hanzonhorses.nl\\\/contact\\\/\",\"url\":\"https:\\\/\\\/www.hanzonhorses.nl\\\/contact\\\/\",\"name\":\"Contact - Hanzon Horses\",\"isPartOf\":{\"@id\":\"https:\\\/\\\/www.hanzonhorses.nl\\\/#website\"},\"datePublished\":\"2019-12-10T15:47:05+00:00\",\"dateModified\":\"2020-07-27T16:29:05+00:00\",\"breadcrumb\":{\"@id\":\"https:\\\/\\\/www.hanzonhorses.nl\\\/contact\\\/#breadcrumb\"},\"inLanguage\":\"fr-FR\",\"potentialAction\":[{\"@type\":\"ReadAction\",\"target\":[\"https:\\\/\\\/www.hanzonhorses.nl\\\/contact\\\/\"]}]},{\"@type\":\"BreadcrumbList\",\"@id\":\"https:\\\/\\\/www.hanzonhorses.nl\\\/contact\\\/#breadcrumb\",\"itemListElement\":[{\"@type\":\"ListItem\",\"position\":1,\"name\":\"Home\",\"item\":\"https:\\\/\\\/www.hanzonhorses.nl\\\/\"},{\"@type\":\"ListItem\",\"position\":2,\"name\":\"Contact\"}]},{\"@type\":\"WebSite\",\"@id\":\"https:\\\/\\\/www.hanzonhorses.nl\\\/#website\",\"url\":\"https:\\\/\\\/www.hanzonhorses.nl\\\/\",\"name\":\"Hanzon Horses\",\"description\":\"\",\"potentialAction\":[{\"@type\":\"SearchAction\",\"target\":{\"@type\":\"EntryPoint\",\"urlTemplate\":\"https:\\\/\\\/www.hanzonhorses.nl\\\/?s={search_term_string}\"},\"query-input\":{\"@type\":\"PropertyValueSpecification\",\"valueRequired\":true,\"valueName\":\"search_term_string\"}}],\"inLanguage\":\"fr-FR\"}]}<\/script>\n<!-- \/ Yoast SEO plugin. -->","yoast_head_json":{"title":"Contact - Chevaux Hanzon","robots":{"index":"index","follow":"follow","max-snippet":"max-snippet:-1","max-image-preview":"max-image-preview:large","max-video-preview":"max-video-preview:-1"},"canonical":"https:\/\/www.hanzonhorses.nl\/fr\/contact\/","og_locale":"fr_FR","og_type":"article","og_title":"Contact - Hanzon Horses","og_url":"https:\/\/www.hanzonhorses.nl\/fr\/contact\/","og_site_name":"Hanzon Horses","article_modified_time":"2020-07-27T16:29:05+00:00","twitter_card":"summary_large_image","twitter_misc":{"Dur\u00e9e de lecture estim\u00e9e":"3 minutes"},"schema":{"@context":"https:\/\/schema.org","@graph":[{"@type":"WebPage","@id":"https:\/\/www.hanzonhorses.nl\/contact\/","url":"https:\/\/www.hanzonhorses.nl\/contact\/","name":"Contact - Chevaux Hanzon","isPartOf":{"@id":"https:\/\/www.hanzonhorses.nl\/#website"},"datePublished":"2019-12-10T15:47:05+00:00","dateModified":"2020-07-27T16:29:05+00:00","breadcrumb":{"@id":"https:\/\/www.hanzonhorses.nl\/contact\/#breadcrumb"},"inLanguage":"fr-FR","potentialAction":[{"@type":"ReadAction","target":["https:\/\/www.hanzonhorses.nl\/contact\/"]}]},{"@type":"BreadcrumbList","@id":"https:\/\/www.hanzonhorses.nl\/contact\/#breadcrumb","itemListElement":[{"@type":"ListItem","position":1,"name":"Home","item":"https:\/\/www.hanzonhorses.nl\/"},{"@type":"ListItem","position":2,"name":"Contact"}]},{"@type":"WebSite","@id":"https:\/\/www.hanzonhorses.nl\/#website","url":"https:\/\/www.hanzonhorses.nl\/","name":"Chevaux Hanzon","description":"","potentialAction":[{"@type":"SearchAction","target":{"@type":"EntryPoint","urlTemplate":"https:\/\/www.hanzonhorses.nl\/?s={search_term_string}"},"query-input":{"@type":"PropertyValueSpecification","valueRequired":true,"valueName":"search_term_string"}}],"inLanguage":"fr-FR"}]}},"_links":{"self":[{"href":"https:\/\/www.hanzonhorses.nl\/fr\/wp-json\/wp\/v2\/pages\/28","targetHints":{"allow":["GET"]}}],"collection":[{"href":"https:\/\/www.hanzonhorses.nl\/fr\/wp-json\/wp\/v2\/pages"}],"about":[{"href":"https:\/\/www.hanzonhorses.nl\/fr\/wp-json\/wp\/v2\/types\/page"}],"author":[{"embeddable":true,"href":"https:\/\/www.hanzonhorses.nl\/fr\/wp-json\/wp\/v2\/users\/1"}],"replies":[{"embeddable":true,"href":"https:\/\/www.hanzonhorses.nl\/fr\/wp-json\/wp\/v2\/comments?post=28"}],"version-history":[{"count":5,"href":"https:\/\/www.hanzonhorses.nl\/fr\/wp-json\/wp\/v2\/pages\/28\/revisions"}],"predecessor-version":[{"id":453,"href":"https:\/\/www.hanzonhorses.nl\/fr\/wp-json\/wp\/v2\/pages\/28\/revisions\/453"}],"wp:attachment":[{"href":"https:\/\/www.hanzonhorses.nl\/fr\/wp-json\/wp\/v2\/media?parent=28"}],"curies":[{"name":"wp","href":"https:\/\/api.w.org\/{rel}","templated":true}]}}