{"id":3,"date":"2019-10-11T13:41:20","date_gmt":"2019-10-11T13:41:20","guid":{"rendered":"https:\/\/www.horsedesign.nl\/hanzonhorses\/?page_id=3"},"modified":"2024-03-20T14:35:24","modified_gmt":"2024-03-20T14:35:24","slug":"datenschutzbestimmungen","status":"publish","type":"page","link":"https:\/\/www.hanzonhorses.nl\/de\/privacybeleid\/","title":{"rendered":"Datenschutz"},"content":{"rendered":"<h2 class=\"wp-block-heading\">Wer wir sind<\/h2>\r\n\r\n\r\n\r\n<p>Unsere Website-Adresse lautet: https:\/\/www.hanzonhorses.nl\/<\/p>\r\n\r\n\r\n\r\n<h2 class=\"wp-block-heading\">Welche pers\u00f6nlichen Daten wir sammeln und warum wir sie sammeln<\/h2>\r\n\r\n\r\n\r\n<h3 class=\"wp-block-heading\">Kommentare<\/h3>\r\n\r\n\r\n\r\n<p>Wenn Besucher Kommentare auf der Website hinterlassen, erfassen wir die im Kommentarformular angezeigten Daten, die IP-Adresse des Besuchers und den User-Agent des Browsers, um Spam zu erkennen.<\/p>\r\n\r\n\r\n\r\n<p>Eine anonymisierte Zeichenfolge, die aus Ihrer E-Mail-Adresse erstellt wird (auch Hash genannt), kann an den Gravatar-Dienst gesendet werden, wenn Sie diesen nutzen. Die Seite mit den Datenschutzbestimmungen finden Sie hier: https:\/\/automattic.com\/privacy\/. Nachdem Ihr Kommentar genehmigt wurde, ist Ihr Profilbild im Zusammenhang mit Ihrem Kommentar \u00f6ffentlich sichtbar.<\/p>\r\n\r\n\r\n\r\n<h3 class=\"wp-block-heading\">Medien<\/h3>\r\n\r\n\r\n\r\n<p>Wenn Sie ein registrierter Benutzer sind und Bilder auf die Website hochladen, sollten Sie es vermeiden, Bilder mit EXIF-GPS-Standortdaten hochzuladen. Besucher der Website k\u00f6nnen die Bilder von der Website herunterladen und die Standortdaten sehen.<\/p>\r\n\r\n\r\n\r\n<h3 class=\"wp-block-heading\">Kontaktformulare<\/h3>\r\n\r\n\r\n\r\n<h3 class=\"wp-block-heading\">Cookies<\/h3>\r\n\r\n\r\n\r\n<p>Wenn Sie einen Kommentar auf unserer Website hinterlassen, k\u00f6nnen Sie angeben, ob Ihr Name, Ihre E-Mail-Adresse und Ihre Website in einem Cookie gespeichert werden d\u00fcrfen. Wir tun dies aus Gr\u00fcnden der Bequemlichkeit, damit Sie diese Angaben bei einem neuen Kommentar nicht erneut eingeben m\u00fcssen. Diese Cookies sind ein Jahr lang g\u00fcltig.<\/p>\r\n\r\n\r\n\r\n<p>Wenn Sie unsere Anmeldeseite besuchen, speichern wir ein tempor\u00e4res Cookie, um zu pr\u00fcfen, ob Ihr Browser Cookies zul\u00e4sst. Dieses Cookie enth\u00e4lt keine pers\u00f6nlichen Daten und wird gel\u00f6scht, sobald Sie Ihren Browser schlie\u00dfen.<\/p>\r\n\r\n\r\n\r\n<p>Sobald Sie sich anmelden, speichern wir einige Cookies, die sich auf Ihre Anmeldeinformationen und Bildschirmdarstellungsoptionen beziehen. Login-Cookies sind 2 Tage lang g\u00fcltig und Cookies f\u00fcr Bildschirmoptionen sind 1 Jahr lang g\u00fcltig. Wenn Sie \u201cAngemeldet bleiben\u201d w\u00e4hlen, wird Ihr Login 2 Wochen lang gespeichert. Sobald Sie sich von Ihrem Konto abmelden, werden die Anmelde-Cookies gel\u00f6scht.<\/p>\r\n\r\n\r\n\r\n<p>Wenn Sie einen Beitrag bearbeiten oder ver\u00f6ffentlichen, wird ein zus\u00e4tzliches Cookie von Ihrem Browser gespeichert. Dieser Cookie enth\u00e4lt keine pers\u00f6nlichen Daten, sondern nur die Post-ID des von Ihnen bearbeiteten Artikels. Dieses Cookie verf\u00e4llt nach einem Tag.<\/p>\r\n\r\n\r\n\r\n<h3 class=\"wp-block-heading\">Eingebettete Inhalte von anderen Websites<\/h3>\r\n\r\n\r\n\r\n<p>Beitr\u00e4ge auf dieser Website k\u00f6nnen eingebettete Inhalte (z. B. Videos, Bilder, Nachrichten usw.) enthalten. Eingebettete Inhalte von anderen Websites verhalten sich genau so, als ob der Besucher diese andere Website besucht h\u00e4tte.<\/p>\r\n\r\n\r\n\r\n<p>Diese Websites k\u00f6nnen Daten \u00fcber Sie sammeln, Cookies verwenden, Tracking durch Dritte einbetten und Ihre Interaktion mit diesen eingebetteten Inhalten \u00fcberwachen, einschlie\u00dflich der Interaktion mit eingebetteten Inhalten, wenn Sie ein Konto haben und auf dieser Website angemeldet sind.<\/p>\r\n\r\n\r\n\r\n<h3 class=\"wp-block-heading\">Analytik<\/h3>\r\n\r\n\r\n\r\n<h2 class=\"wp-block-heading\">Mit wem wir Ihre Daten teilen<\/h2>\r\n\r\n\r\n\r\n<h2 class=\"wp-block-heading\">Wie lange wir Ihre Daten aufbewahren<\/h2>\r\n\r\n\r\n\r\n<p>Wenn Sie einen Kommentar hinterlassen, werden dieser Kommentar und seine Metadaten f\u00fcr immer gespeichert. Auf diese Weise k\u00f6nnen wir Folgekommentare automatisch erkennen und genehmigen, ohne sie moderieren zu m\u00fcssen.<\/p>\r\n\r\n\r\n\r\n<p>F\u00fcr Nutzer, die auf unserer Website registriert sind (falls zutreffend), speichern wir auch pers\u00f6nliche Informationen in ihrem Nutzerprofil. Alle Nutzer k\u00f6nnen ihre pers\u00f6nlichen Daten jederzeit einsehen, \u00e4ndern oder l\u00f6schen (der Nutzername kann nicht ge\u00e4ndert werden). Auch die Administratoren der Website k\u00f6nnen diese Informationen einsehen und \u00e4ndern.<\/p>\r\n\r\n\r\n\r\n<h2 class=\"wp-block-heading\">Welche Rechte Sie an Ihren Daten haben<\/h2>\r\n\r\n\r\n\r\n<p>Wenn Sie ein Konto auf dieser Website haben oder Kommentare hinterlassen haben, k\u00f6nnen Sie eine Exportdatei Ihrer pers\u00f6nlichen Daten anfordern, die wir \u00fcber Sie gespeichert haben, einschlie\u00dflich aller Daten, die Sie uns gegeben haben. Sie k\u00f6nnen auch verlangen, dass wir alle personenbezogenen Daten, die wir \u00fcber Sie gespeichert haben, l\u00f6schen. Davon ausgenommen sind Daten, die wir aus verwaltungstechnischen, rechtlichen oder sicherheitsrelevanten Gr\u00fcnden aufbewahren m\u00fcssen.<\/p>\r\n\r\n\r\n\r\n<h2 class=\"wp-block-heading\">Wohin wir Ihre Daten senden<\/h2>\r\n\r\n\r\n\r\n<p>Kommentare von Besuchern k\u00f6nnen durch einen automatischen Spam-Erkennungsdienst geleitet werden.<\/p>\r\n\r\n\r\n\r\n<h2 class=\"wp-block-heading\">Ihre Kontaktinformationen<\/h2>\r\n\r\n\r\n\r\n<h2 class=\"wp-block-heading\">Zus\u00e4tzliche Informationen<\/h2>\r\n\r\n\r\n\r\n<h3 class=\"wp-block-heading\">Wie wir Ihre Daten sch\u00fctzen<\/h3>\r\n\r\n\r\n\r\n<h3 class=\"wp-block-heading\">Welche Verfahren bei Datenschutzverletzungen wir eingef\u00fchrt haben<\/h3>\r\n\r\n\r\n\r\n<h3 class=\"wp-block-heading\">Von welchen Drittparteien wir Daten erhalten<\/h3>\r\n\r\n\r\n\r\n<h3 class=\"wp-block-heading\">Welche automatisierten Entscheidungen wir treffen und welches Profiling wir mit Nutzerdaten durchf\u00fchren<\/h3>\r\n\r\n\r\n\r\n<h3 class=\"wp-block-heading\">Offenlegungspflichten der Industrie<\/h3>","protected":false},"excerpt":{"rendered":"<p>Wie zijn we Ons website-adres is: https:\/\/www.hanzonhorses.nl\/ Welke persoonlijke gegevens we verzamelen en waarom we die verzamelen Reacties Als bezoekers reacties achterlaten op de site, verzamelen we de gegevens getoond in het reactieformulier, het IP-adres van de bezoeker en de browser user agent om te helpen spam te detecteren. Een geanonimiseerde string, gemaakt op basis [&hellip;]<\/p>\n","protected":false},"author":1,"featured_media":0,"parent":0,"menu_order":0,"comment_status":"closed","ping_status":"open","template":"","meta":{"_acf_changed":false,"footnotes":""},"class_list":["post-3","page","type-page","status-publish","hentry"],"acf":[],"yoast_head":"<!-- This site is optimized with the Yoast SEO plugin v27.4 - https:\/\/yoast.com\/product\/yoast-seo-wordpress\/ -->\n<title>Privacy - Hanzon Horses<\/title>\n<meta name=\"robots\" content=\"index, follow, max-snippet:-1, max-image-preview:large, max-video-preview:-1\" \/>\n<link rel=\"canonical\" href=\"https:\/\/www.hanzonhorses.nl\/de\/datenschutzbestimmungen\/\" \/>\n<meta property=\"og:locale\" content=\"de_DE\" \/>\n<meta property=\"og:type\" content=\"article\" \/>\n<meta property=\"og:title\" content=\"Privacy - Hanzon Horses\" \/>\n<meta property=\"og:description\" content=\"Wie zijn we Ons website-adres is: https:\/\/www.hanzonhorses.nl\/ Welke persoonlijke gegevens we verzamelen en waarom we die verzamelen Reacties Als bezoekers reacties achterlaten op de site, verzamelen we de gegevens getoond in het reactieformulier, het IP-adres van de bezoeker en de browser user agent om te helpen spam te detecteren. Een geanonimiseerde string, gemaakt op basis [&hellip;]\" \/>\n<meta property=\"og:url\" content=\"https:\/\/www.hanzonhorses.nl\/de\/datenschutzbestimmungen\/\" \/>\n<meta property=\"og:site_name\" content=\"Hanzon Horses\" \/>\n<meta property=\"article:modified_time\" content=\"2024-03-20T14:35:24+00:00\" \/>\n<meta name=\"twitter:card\" content=\"summary_large_image\" \/>\n<meta name=\"twitter:label1\" content=\"Gesch\u00e4tzte Lesezeit\" \/>\n\t<meta name=\"twitter:data1\" content=\"4\u00a0Minuten\" \/>\n<script type=\"application\/ld+json\" class=\"yoast-schema-graph\">{\"@context\":\"https:\\\/\\\/schema.org\",\"@graph\":[{\"@type\":\"WebPage\",\"@id\":\"https:\\\/\\\/www.hanzonhorses.nl\\\/privacybeleid\\\/\",\"url\":\"https:\\\/\\\/www.hanzonhorses.nl\\\/privacybeleid\\\/\",\"name\":\"Privacy - Hanzon Horses\",\"isPartOf\":{\"@id\":\"https:\\\/\\\/www.hanzonhorses.nl\\\/#website\"},\"datePublished\":\"2019-10-11T13:41:20+00:00\",\"dateModified\":\"2024-03-20T14:35:24+00:00\",\"breadcrumb\":{\"@id\":\"https:\\\/\\\/www.hanzonhorses.nl\\\/privacybeleid\\\/#breadcrumb\"},\"inLanguage\":\"de\",\"potentialAction\":[{\"@type\":\"ReadAction\",\"target\":[\"https:\\\/\\\/www.hanzonhorses.nl\\\/privacybeleid\\\/\"]}]},{\"@type\":\"BreadcrumbList\",\"@id\":\"https:\\\/\\\/www.hanzonhorses.nl\\\/privacybeleid\\\/#breadcrumb\",\"itemListElement\":[{\"@type\":\"ListItem\",\"position\":1,\"name\":\"Home\",\"item\":\"https:\\\/\\\/www.hanzonhorses.nl\\\/\"},{\"@type\":\"ListItem\",\"position\":2,\"name\":\"Privacy\"}]},{\"@type\":\"WebSite\",\"@id\":\"https:\\\/\\\/www.hanzonhorses.nl\\\/#website\",\"url\":\"https:\\\/\\\/www.hanzonhorses.nl\\\/\",\"name\":\"Hanzon Horses\",\"description\":\"\",\"potentialAction\":[{\"@type\":\"SearchAction\",\"target\":{\"@type\":\"EntryPoint\",\"urlTemplate\":\"https:\\\/\\\/www.hanzonhorses.nl\\\/?s={search_term_string}\"},\"query-input\":{\"@type\":\"PropertyValueSpecification\",\"valueRequired\":true,\"valueName\":\"search_term_string\"}}],\"inLanguage\":\"de\"}]}<\/script>\n<!-- \/ Yoast SEO plugin. -->","yoast_head_json":{"title":"Datenschutz - Hanzon Horses","robots":{"index":"index","follow":"follow","max-snippet":"max-snippet:-1","max-image-preview":"max-image-preview:large","max-video-preview":"max-video-preview:-1"},"canonical":"https:\/\/www.hanzonhorses.nl\/de\/datenschutzbestimmungen\/","og_locale":"de_DE","og_type":"article","og_title":"Privacy - Hanzon Horses","og_description":"Wie zijn we Ons website-adres is: https:\/\/www.hanzonhorses.nl\/ Welke persoonlijke gegevens we verzamelen en waarom we die verzamelen Reacties Als bezoekers reacties achterlaten op de site, verzamelen we de gegevens getoond in het reactieformulier, het IP-adres van de bezoeker en de browser user agent om te helpen spam te detecteren. Een geanonimiseerde string, gemaakt op basis [&hellip;]","og_url":"https:\/\/www.hanzonhorses.nl\/de\/datenschutzbestimmungen\/","og_site_name":"Hanzon Horses","article_modified_time":"2024-03-20T14:35:24+00:00","twitter_card":"summary_large_image","twitter_misc":{"Gesch\u00e4tzte Lesezeit":"4\u00a0Minuten"},"schema":{"@context":"https:\/\/schema.org","@graph":[{"@type":"WebPage","@id":"https:\/\/www.hanzonhorses.nl\/privacybeleid\/","url":"https:\/\/www.hanzonhorses.nl\/privacybeleid\/","name":"Datenschutz - Hanzon Horses","isPartOf":{"@id":"https:\/\/www.hanzonhorses.nl\/#website"},"datePublished":"2019-10-11T13:41:20+00:00","dateModified":"2024-03-20T14:35:24+00:00","breadcrumb":{"@id":"https:\/\/www.hanzonhorses.nl\/privacybeleid\/#breadcrumb"},"inLanguage":"de","potentialAction":[{"@type":"ReadAction","target":["https:\/\/www.hanzonhorses.nl\/privacybeleid\/"]}]},{"@type":"BreadcrumbList","@id":"https:\/\/www.hanzonhorses.nl\/privacybeleid\/#breadcrumb","itemListElement":[{"@type":"ListItem","position":1,"name":"Home","item":"https:\/\/www.hanzonhorses.nl\/"},{"@type":"ListItem","position":2,"name":"Privacy"}]},{"@type":"WebSite","@id":"https:\/\/www.hanzonhorses.nl\/#website","url":"https:\/\/www.hanzonhorses.nl\/","name":"Hanzon-Pferde","description":"","potentialAction":[{"@type":"SearchAction","target":{"@type":"EntryPoint","urlTemplate":"https:\/\/www.hanzonhorses.nl\/?s={search_term_string}"},"query-input":{"@type":"PropertyValueSpecification","valueRequired":true,"valueName":"search_term_string"}}],"inLanguage":"de"}]}},"_links":{"self":[{"href":"https:\/\/www.hanzonhorses.nl\/de\/wp-json\/wp\/v2\/pages\/3","targetHints":{"allow":["GET"]}}],"collection":[{"href":"https:\/\/www.hanzonhorses.nl\/de\/wp-json\/wp\/v2\/pages"}],"about":[{"href":"https:\/\/www.hanzonhorses.nl\/de\/wp-json\/wp\/v2\/types\/page"}],"author":[{"embeddable":true,"href":"https:\/\/www.hanzonhorses.nl\/de\/wp-json\/wp\/v2\/users\/1"}],"replies":[{"embeddable":true,"href":"https:\/\/www.hanzonhorses.nl\/de\/wp-json\/wp\/v2\/comments?post=3"}],"version-history":[{"count":3,"href":"https:\/\/www.hanzonhorses.nl\/de\/wp-json\/wp\/v2\/pages\/3\/revisions"}],"predecessor-version":[{"id":805,"href":"https:\/\/www.hanzonhorses.nl\/de\/wp-json\/wp\/v2\/pages\/3\/revisions\/805"}],"wp:attachment":[{"href":"https:\/\/www.hanzonhorses.nl\/de\/wp-json\/wp\/v2\/media?parent=3"}],"curies":[{"name":"wp","href":"https:\/\/api.w.org\/{rel}","templated":true}]}}